{"id":2358,"date":"2025-07-21T10:27:11","date_gmt":"2025-07-21T10:27:11","guid":{"rendered":"https:\/\/moj-salon.com\/kontakt\/"},"modified":"2026-03-20T13:28:25","modified_gmt":"2026-03-20T13:28:25","slug":"kontakt","status":"publish","type":"page","link":"https:\/\/moj-salon.com\/sr\/kontakt\/","title":{"rendered":"Kontakt"},"content":{"rendered":"\t\t<div data-elementor-type=\"wp-page\" data-elementor-id=\"2358\" class=\"elementor elementor-2358 elementor-40\" data-elementor-post-type=\"page\">\n\t\t\t\t<div class=\"elementor-element elementor-element-2c6a9af e-flex e-con-boxed e-con e-parent\" data-id=\"2c6a9af\" data-element_type=\"container\" data-e-type=\"container\" data-settings=\"{&quot;background_background&quot;:&quot;classic&quot;}\">\n\t\t\t\t\t<div class=\"e-con-inner\">\n\t\t\t\t<div class=\"elementor-element elementor-element-e244e93 elementor-widget elementor-widget-heading\" data-id=\"e244e93\" data-element_type=\"widget\" data-e-type=\"widget\" data-widget_type=\"heading.default\">\n\t\t\t\t\t<h2 class=\"elementor-heading-title elementor-size-default\">Kontakt<\/h2>\t\t\t\t<\/div>\n\t\t\t\t<div class=\"elementor-element elementor-element-36f3704 elementor-widget__width-initial elementor-absolute elementor-widget elementor-widget-image\" data-id=\"36f3704\" data-element_type=\"widget\" data-e-type=\"widget\" data-settings=\"{&quot;_position&quot;:&quot;absolute&quot;}\" data-widget_type=\"image.default\">\n\t\t\t\t\t\t\t\t\t\t\t\t\t\t\t<img fetchpriority=\"high\" decoding=\"async\" width=\"310\" height=\"324\" src=\"https:\/\/moj-salon.com\/wp-content\/uploads\/2025\/08\/Vector7.png\" class=\"attachment-large size-large wp-image-1011\" alt=\"\" srcset=\"https:\/\/moj-salon.com\/wp-content\/uploads\/2025\/08\/Vector7.png 310w, https:\/\/moj-salon.com\/wp-content\/uploads\/2025\/08\/Vector7-287x300.png 287w\" sizes=\"(max-width: 310px) 100vw, 310px\" \/>\t\t\t\t\t\t\t\t\t\t\t\t\t\t\t<\/div>\n\t\t\t\t\t<\/div>\n\t\t\t\t<\/div>\n\t\t<div class=\"elementor-element elementor-element-6b392f4 e-flex e-con-boxed e-con e-parent\" data-id=\"6b392f4\" data-element_type=\"container\" data-e-type=\"container\" data-settings=\"{&quot;background_background&quot;:&quot;classic&quot;}\">\n\t\t\t\t\t<div class=\"e-con-inner\">\n\t\t<div class=\"elementor-element elementor-element-ea9352f e-con-full e-flex e-con e-child\" data-id=\"ea9352f\" data-element_type=\"container\" data-e-type=\"container\" data-settings=\"{&quot;background_background&quot;:&quot;classic&quot;}\">\n\t\t\t\t<div class=\"elementor-element elementor-element-2cf6cfb elementor-button-align-start elementor-widget elementor-widget-form\" data-id=\"2cf6cfb\" data-element_type=\"widget\" data-e-type=\"widget\" data-settings=\"{&quot;step_next_label&quot;:&quot;Slede\\u0107e&quot;,&quot;step_previous_label&quot;:&quot;Prethodno&quot;,&quot;button_width&quot;:&quot;20&quot;,&quot;step_type&quot;:&quot;number_text&quot;,&quot;step_icon_shape&quot;:&quot;circle&quot;}\" data-widget_type=\"form.default\">\n\t\t\t\t\t\t\t<form class=\"elementor-form\" method=\"post\" name=\"Novi obrazac\" aria-label=\"Novi obrazac\">\n\t\t\t<input type=\"hidden\" name=\"post_id\" value=\"2358\"\/>\n\t\t\t<input type=\"hidden\" name=\"form_id\" value=\"2cf6cfb\"\/>\n\t\t\t<input type=\"hidden\" name=\"referer_title\" value=\"Kontakt - Moj Salon\" \/>\n\n\t\t\t\t\t\t\t<input type=\"hidden\" name=\"queried_id\" value=\"2358\"\/>\n\t\t\t\n\t\t\t<div class=\"elementor-form-fields-wrapper elementor-labels-\">\n\t\t\t\t\t\t\t\t<div class=\"elementor-field-type-text elementor-field-group elementor-column elementor-field-group-name elementor-col-100 elementor-field-required\">\n\t\t\t\t\t\t\t\t\t\t\t\t\t<input size=\"1\" type=\"text\" name=\"form_fields[name]\" id=\"form-field-name\" class=\"elementor-field elementor-size-sm  elementor-field-textual\" placeholder=\"Ime\" required=\"required\">\n\t\t\t\t\t\t\t\t\t\t\t<\/div>\n\t\t\t\t\t\t\t\t<div class=\"elementor-field-type-email elementor-field-group elementor-column elementor-field-group-email elementor-col-50 elementor-field-required\">\n\t\t\t\t\t\t\t\t\t\t\t\t<label for=\"form-field-email\" class=\"elementor-field-label elementor-screen-only\">\n\t\t\t\t\t\t\t\tE-po\u0161ta\t\t\t\t\t\t\t<\/label>\n\t\t\t\t\t\t\t\t\t\t\t\t\t\t<input size=\"1\" type=\"email\" name=\"form_fields[email]\" id=\"form-field-email\" class=\"elementor-field elementor-size-sm  elementor-field-textual\" placeholder=\"E-po\u0161ta\" required=\"required\">\n\t\t\t\t\t\t\t\t\t\t\t<\/div>\n\t\t\t\t\t\t\t\t<div class=\"elementor-field-type-tel elementor-field-group elementor-column elementor-field-group-field_f0a703e elementor-col-50 elementor-field-required\">\n\t\t\t\t\t\t\t<input size=\"1\" type=\"tel\" name=\"form_fields[field_f0a703e]\" id=\"form-field-field_f0a703e\" class=\"elementor-field elementor-size-sm  elementor-field-textual\" placeholder=\"Telefon\" required=\"required\" pattern=\"[0-9()#&amp;+*-=.]+\" title=\"Only numbers and phone characters (#, -, *, etc) are accepted.\">\n\n\t\t\t\t\t\t<\/div>\n\t\t\t\t\t\t\t\t<div class=\"elementor-field-type-textarea elementor-field-group elementor-column elementor-field-group-message elementor-col-100 elementor-field-required\">\n\t\t\t\t\t<textarea class=\"elementor-field-textual elementor-field  elementor-size-sm\" name=\"form_fields[message]\" id=\"form-field-message\" rows=\"4\" placeholder=\"Poruka\" required=\"required\"><\/textarea>\t\t\t\t<\/div>\n\t\t\t\t\t\t\t\t<div class=\"elementor-field-group elementor-column elementor-field-type-submit elementor-col-20 e-form__buttons\">\n\t\t\t\t\t<button class=\"elementor-button elementor-size-sm\" type=\"submit\">\n\t\t\t\t\t\t<span class=\"elementor-button-content-wrapper\">\n\t\t\t\t\t\t\t\t\t\t\t\t\t\t\t\t\t\t\t\t\t\t<span class=\"elementor-button-text\">Po\u0161alji<\/span>\n\t\t\t\t\t\t\t\t\t\t\t\t\t<\/span>\n\t\t\t\t\t<\/button>\n\t\t\t\t<\/div>\n\t\t\t<\/div>\n\t\t<\/form>\n\t\t\t\t\t\t<\/div>\n\t\t\t\t<\/div>\n\t\t\t\t\t<\/div>\n\t\t\t\t<\/div>\n\t\t<div class=\"elementor-element elementor-element-201627a e-flex e-con-boxed e-con e-parent\" data-id=\"201627a\" data-element_type=\"container\" data-e-type=\"container\" data-settings=\"{&quot;background_background&quot;:&quot;classic&quot;}\">\n\t\t\t\t\t<div class=\"e-con-inner\">\n\t\t<div class=\"elementor-element elementor-element-e33bdec e-con-full e-flex e-con e-child\" data-id=\"e33bdec\" data-element_type=\"container\" data-e-type=\"container\" data-settings=\"{&quot;background_background&quot;:&quot;classic&quot;}\">\n\t\t\t\t<div class=\"elementor-element elementor-element-132c156 elementor-widget elementor-widget-heading\" data-id=\"132c156\" data-element_type=\"widget\" data-e-type=\"widget\" data-widget_type=\"heading.default\">\n\t\t\t\t\t<h2 class=\"elementor-heading-title elementor-size-default\">Srbija<\/h2>\t\t\t\t<\/div>\n\t\t\t\t<div class=\"elementor-element elementor-element-dca94d9 elementor-widget elementor-widget-text-editor\" data-id=\"dca94d9\" data-element_type=\"widget\" data-e-type=\"widget\" data-widget_type=\"text-editor.default\">\n\t\t\t\t\t\t\t\t\t<p class=\"p1\">Kontakt: Nikola<\/p><p class=\"p1\">Telefon: <a href=\"tel:+381637445970\">+381 63 744 5970<\/a><\/p><p class=\"p1\">E-po\u0161ta: <a href=\"mailto:office@moj-salon.com\">office@moj-salon.com<\/a><\/p>\t\t\t\t\t\t\t\t<\/div>\n\t\t\t\t<\/div>\n\t\t<div class=\"elementor-element elementor-element-a406b99 e-con-full e-flex e-con e-child\" data-id=\"a406b99\" data-element_type=\"container\" data-e-type=\"container\" data-settings=\"{&quot;background_background&quot;:&quot;classic&quot;}\">\n\t\t\t\t<div class=\"elementor-element elementor-element-172a74c elementor-widget elementor-widget-heading\" data-id=\"172a74c\" data-element_type=\"widget\" data-e-type=\"widget\" data-widget_type=\"heading.default\">\n\t\t\t\t\t<h2 class=\"elementor-heading-title elementor-size-default\">Slovenija<\/h2>\t\t\t\t<\/div>\n\t\t\t\t<div class=\"elementor-element elementor-element-37da550 elementor-widget elementor-widget-text-editor\" data-id=\"37da550\" data-element_type=\"widget\" data-e-type=\"widget\" data-widget_type=\"text-editor.default\">\n\t\t\t\t\t\t\t\t\t<p>Kontakt: Nejc<\/p><p>Telefon: <a href=\"tel:+38640689212\">+386 40 689 212<\/a><\/p><p>E-po\u0161ta: <a href=\"mailto:office@moj-salon.com\">office@moj-salon.com<\/a><\/p>\t\t\t\t\t\t\t\t<\/div>\n\t\t\t\t<\/div>\n\t\t<div class=\"elementor-element elementor-element-3025a0f e-con-full e-flex e-con e-child\" data-id=\"3025a0f\" data-element_type=\"container\" data-e-type=\"container\" data-settings=\"{&quot;background_background&quot;:&quot;classic&quot;}\">\n\t\t\t\t<div class=\"elementor-element elementor-element-f13c2b3 elementor-widget elementor-widget-heading\" data-id=\"f13c2b3\" data-element_type=\"widget\" data-e-type=\"widget\" data-widget_type=\"heading.default\">\n\t\t\t\t\t<h2 class=\"elementor-heading-title elementor-size-default\">BiH<\/h2>\t\t\t\t<\/div>\n\t\t\t\t<div class=\"elementor-element elementor-element-41d9757 elementor-widget elementor-widget-text-editor\" data-id=\"41d9757\" data-element_type=\"widget\" data-e-type=\"widget\" data-widget_type=\"text-editor.default\">\n\t\t\t\t\t\t\t\t\t<p>Kontakt: Haris<\/p><p>Telefon: <a href=\"tel:+38762982430\">+387 62 982 430<\/a><\/p><p>E-po\u0161ta: <a href=\"mailto:office@moj-salon.com\">office@moj-salon.com<\/a><\/p>\t\t\t\t\t\t\t\t<\/div>\n\t\t\t\t<\/div>\n\t\t\t\t\t<\/div>\n\t\t\t\t<\/div>\n\t\t\t\t<\/div>\n\t\t","protected":false},"excerpt":{"rendered":"<p>Srbija Kontakt: Nikola Telefon: +381 63 744 5970 E-po\u0161ta: office@moj-salon.com Slovenija Kontakt: Nejc Telefon: +386 40 689 212 E-po\u0161ta: office@moj-salon.com BiH Kontakt: Haris Telefon: +387 62 982 430 E-po\u0161ta: office@moj-salon.com<\/p>\n","protected":false},"author":1,"featured_media":0,"parent":0,"menu_order":0,"comment_status":"closed","ping_status":"closed","template":"","meta":{"footnotes":""},"class_list":["post-2358","page","type-page","status-publish","hentry"],"yoast_head":"<!-- This site is optimized with the Yoast SEO plugin v27.4 - https:\/\/yoast.com\/product\/yoast-seo-wordpress\/ -->\n<title>Kontakt - Moj Salon<\/title>\n<meta name=\"robots\" content=\"index, follow, max-snippet:-1, max-image-preview:large, max-video-preview:-1\" \/>\n<link rel=\"canonical\" href=\"https:\/\/moj-salon.com\/sr\/kontakt\/\" \/>\n<meta property=\"og:locale\" content=\"sr_RS\" \/>\n<meta property=\"og:type\" content=\"article\" \/>\n<meta property=\"og:title\" content=\"Kontakt - Moj Salon\" \/>\n<meta property=\"og:description\" content=\"Srbija Kontakt: Nikola Telefon: +381 63 744 5970 E-po\u0161ta: office@moj-salon.com Slovenija Kontakt: Nejc Telefon: +386 40 689 212 E-po\u0161ta: office@moj-salon.com BiH Kontakt: Haris Telefon: +387 62 982 430 E-po\u0161ta: office@moj-salon.com\" \/>\n<meta property=\"og:url\" content=\"https:\/\/moj-salon.com\/sr\/kontakt\/\" \/>\n<meta property=\"og:site_name\" content=\"Moj Salon\" \/>\n<meta property=\"article:modified_time\" content=\"2026-03-20T13:28:25+00:00\" \/>\n<meta property=\"og:image\" content=\"https:\/\/moj-salon.com\/wp-content\/uploads\/2025\/08\/Vector7.png\" \/>\n<meta name=\"twitter:card\" content=\"summary_large_image\" \/>\n<script type=\"application\/ld+json\" class=\"yoast-schema-graph\">{\"@context\":\"https:\\\/\\\/schema.org\",\"@graph\":[{\"@type\":\"WebPage\",\"@id\":\"https:\\\/\\\/moj-salon.com\\\/sr\\\/kontakt\\\/\",\"url\":\"https:\\\/\\\/moj-salon.com\\\/sr\\\/kontakt\\\/\",\"name\":\"Kontakt - Moj Salon\",\"isPartOf\":{\"@id\":\"https:\\\/\\\/moj-salon.com\\\/sr\\\/#website\"},\"primaryImageOfPage\":{\"@id\":\"https:\\\/\\\/moj-salon.com\\\/sr\\\/kontakt\\\/#primaryimage\"},\"image\":{\"@id\":\"https:\\\/\\\/moj-salon.com\\\/sr\\\/kontakt\\\/#primaryimage\"},\"thumbnailUrl\":\"https:\\\/\\\/moj-salon.com\\\/wp-content\\\/uploads\\\/2025\\\/08\\\/Vector7.png\",\"datePublished\":\"2025-07-21T10:27:11+00:00\",\"dateModified\":\"2026-03-20T13:28:25+00:00\",\"breadcrumb\":{\"@id\":\"https:\\\/\\\/moj-salon.com\\\/sr\\\/kontakt\\\/#breadcrumb\"},\"inLanguage\":\"sr-RS\",\"potentialAction\":[{\"@type\":\"ReadAction\",\"target\":[\"https:\\\/\\\/moj-salon.com\\\/sr\\\/kontakt\\\/\"]}]},{\"@type\":\"ImageObject\",\"inLanguage\":\"sr-RS\",\"@id\":\"https:\\\/\\\/moj-salon.com\\\/sr\\\/kontakt\\\/#primaryimage\",\"url\":\"https:\\\/\\\/moj-salon.com\\\/wp-content\\\/uploads\\\/2025\\\/08\\\/Vector7.png\",\"contentUrl\":\"https:\\\/\\\/moj-salon.com\\\/wp-content\\\/uploads\\\/2025\\\/08\\\/Vector7.png\"},{\"@type\":\"BreadcrumbList\",\"@id\":\"https:\\\/\\\/moj-salon.com\\\/sr\\\/kontakt\\\/#breadcrumb\",\"itemListElement\":[{\"@type\":\"ListItem\",\"position\":1,\"name\":\"Home\",\"item\":\"https:\\\/\\\/moj-salon.com\\\/sr\\\/pocetna\\\/\"},{\"@type\":\"ListItem\",\"position\":2,\"name\":\"Kontakt\"}]},{\"@type\":\"WebSite\",\"@id\":\"https:\\\/\\\/moj-salon.com\\\/sr\\\/#website\",\"url\":\"https:\\\/\\\/moj-salon.com\\\/sr\\\/\",\"name\":\"Moj Salon\",\"description\":\"\",\"publisher\":{\"@id\":\"https:\\\/\\\/moj-salon.com\\\/sr\\\/#organization\"},\"potentialAction\":[{\"@type\":\"SearchAction\",\"target\":{\"@type\":\"EntryPoint\",\"urlTemplate\":\"https:\\\/\\\/moj-salon.com\\\/sr\\\/?s={search_term_string}\"},\"query-input\":{\"@type\":\"PropertyValueSpecification\",\"valueRequired\":true,\"valueName\":\"search_term_string\"}}],\"inLanguage\":\"sr-RS\"},{\"@type\":\"Organization\",\"@id\":\"https:\\\/\\\/moj-salon.com\\\/sr\\\/#organization\",\"name\":\"Moj Salon\",\"url\":\"https:\\\/\\\/moj-salon.com\\\/sr\\\/\",\"logo\":{\"@type\":\"ImageObject\",\"inLanguage\":\"sr-RS\",\"@id\":\"https:\\\/\\\/moj-salon.com\\\/sr\\\/#\\\/schema\\\/logo\\\/image\\\/\",\"url\":\"https:\\\/\\\/moj-salon.com\\\/wp-content\\\/uploads\\\/2025\\\/07\\\/moj-salon.svg\",\"contentUrl\":\"https:\\\/\\\/moj-salon.com\\\/wp-content\\\/uploads\\\/2025\\\/07\\\/moj-salon.svg\",\"width\":220,\"height\":66,\"caption\":\"Moj Salon\"},\"image\":{\"@id\":\"https:\\\/\\\/moj-salon.com\\\/sr\\\/#\\\/schema\\\/logo\\\/image\\\/\"}}]}<\/script>\n<!-- \/ Yoast SEO plugin. -->","yoast_head_json":{"title":"Kontakt - Moj Salon","robots":{"index":"index","follow":"follow","max-snippet":"max-snippet:-1","max-image-preview":"max-image-preview:large","max-video-preview":"max-video-preview:-1"},"canonical":"https:\/\/moj-salon.com\/sr\/kontakt\/","og_locale":"sr_RS","og_type":"article","og_title":"Kontakt - Moj Salon","og_description":"Srbija Kontakt: Nikola Telefon: +381 63 744 5970 E-po\u0161ta: office@moj-salon.com Slovenija Kontakt: Nejc Telefon: +386 40 689 212 E-po\u0161ta: office@moj-salon.com BiH Kontakt: Haris Telefon: +387 62 982 430 E-po\u0161ta: office@moj-salon.com","og_url":"https:\/\/moj-salon.com\/sr\/kontakt\/","og_site_name":"Moj Salon","article_modified_time":"2026-03-20T13:28:25+00:00","og_image":[{"url":"https:\/\/moj-salon.com\/wp-content\/uploads\/2025\/08\/Vector7.png","type":"","width":"","height":""}],"twitter_card":"summary_large_image","schema":{"@context":"https:\/\/schema.org","@graph":[{"@type":"WebPage","@id":"https:\/\/moj-salon.com\/sr\/kontakt\/","url":"https:\/\/moj-salon.com\/sr\/kontakt\/","name":"Kontakt - Moj Salon","isPartOf":{"@id":"https:\/\/moj-salon.com\/sr\/#website"},"primaryImageOfPage":{"@id":"https:\/\/moj-salon.com\/sr\/kontakt\/#primaryimage"},"image":{"@id":"https:\/\/moj-salon.com\/sr\/kontakt\/#primaryimage"},"thumbnailUrl":"https:\/\/moj-salon.com\/wp-content\/uploads\/2025\/08\/Vector7.png","datePublished":"2025-07-21T10:27:11+00:00","dateModified":"2026-03-20T13:28:25+00:00","breadcrumb":{"@id":"https:\/\/moj-salon.com\/sr\/kontakt\/#breadcrumb"},"inLanguage":"sr-RS","potentialAction":[{"@type":"ReadAction","target":["https:\/\/moj-salon.com\/sr\/kontakt\/"]}]},{"@type":"ImageObject","inLanguage":"sr-RS","@id":"https:\/\/moj-salon.com\/sr\/kontakt\/#primaryimage","url":"https:\/\/moj-salon.com\/wp-content\/uploads\/2025\/08\/Vector7.png","contentUrl":"https:\/\/moj-salon.com\/wp-content\/uploads\/2025\/08\/Vector7.png"},{"@type":"BreadcrumbList","@id":"https:\/\/moj-salon.com\/sr\/kontakt\/#breadcrumb","itemListElement":[{"@type":"ListItem","position":1,"name":"Home","item":"https:\/\/moj-salon.com\/sr\/pocetna\/"},{"@type":"ListItem","position":2,"name":"Kontakt"}]},{"@type":"WebSite","@id":"https:\/\/moj-salon.com\/sr\/#website","url":"https:\/\/moj-salon.com\/sr\/","name":"Moj Salon","description":"","publisher":{"@id":"https:\/\/moj-salon.com\/sr\/#organization"},"potentialAction":[{"@type":"SearchAction","target":{"@type":"EntryPoint","urlTemplate":"https:\/\/moj-salon.com\/sr\/?s={search_term_string}"},"query-input":{"@type":"PropertyValueSpecification","valueRequired":true,"valueName":"search_term_string"}}],"inLanguage":"sr-RS"},{"@type":"Organization","@id":"https:\/\/moj-salon.com\/sr\/#organization","name":"Moj Salon","url":"https:\/\/moj-salon.com\/sr\/","logo":{"@type":"ImageObject","inLanguage":"sr-RS","@id":"https:\/\/moj-salon.com\/sr\/#\/schema\/logo\/image\/","url":"https:\/\/moj-salon.com\/wp-content\/uploads\/2025\/07\/moj-salon.svg","contentUrl":"https:\/\/moj-salon.com\/wp-content\/uploads\/2025\/07\/moj-salon.svg","width":220,"height":66,"caption":"Moj Salon"},"image":{"@id":"https:\/\/moj-salon.com\/sr\/#\/schema\/logo\/image\/"}}]}},"_links":{"self":[{"href":"https:\/\/moj-salon.com\/sr\/wp-json\/wp\/v2\/pages\/2358","targetHints":{"allow":["GET"]}}],"collection":[{"href":"https:\/\/moj-salon.com\/sr\/wp-json\/wp\/v2\/pages"}],"about":[{"href":"https:\/\/moj-salon.com\/sr\/wp-json\/wp\/v2\/types\/page"}],"author":[{"embeddable":true,"href":"https:\/\/moj-salon.com\/sr\/wp-json\/wp\/v2\/users\/1"}],"replies":[{"embeddable":true,"href":"https:\/\/moj-salon.com\/sr\/wp-json\/wp\/v2\/comments?post=2358"}],"version-history":[{"count":2,"href":"https:\/\/moj-salon.com\/sr\/wp-json\/wp\/v2\/pages\/2358\/revisions"}],"predecessor-version":[{"id":2360,"href":"https:\/\/moj-salon.com\/sr\/wp-json\/wp\/v2\/pages\/2358\/revisions\/2360"}],"wp:attachment":[{"href":"https:\/\/moj-salon.com\/sr\/wp-json\/wp\/v2\/media?parent=2358"}],"curies":[{"name":"wp","href":"https:\/\/api.w.org\/{rel}","templated":true}]}}